{"id":10467,"date":"2024-01-31T07:32:10","date_gmt":"2024-01-31T07:32:10","guid":{"rendered":"https:\/\/sraticongres.ro\/?page_id=10467"},"modified":"2025-12-10T12:49:11","modified_gmt":"2025-12-10T12:49:11","slug":"metode-de-plata","status":"publish","type":"page","link":"https:\/\/sraticongres.ro\/index.php\/metode-de-plata\/","title":{"rendered":"Metode de plat\u0103"},"content":{"rendered":"\t\t<div data-elementor-type=\"wp-page\" data-elementor-id=\"10467\" class=\"elementor elementor-10467\" data-elementor-post-type=\"page\">\n\t\t\t\t<div class=\"elementor-element elementor-element-f8bb229 e-flex e-con-boxed e-con e-parent\" data-id=\"f8bb229\" data-element_type=\"container\" data-e-type=\"container\">\n\t\t\t\t\t<div class=\"e-con-inner\">\n\t\t\t\t<div class=\"elementor-element elementor-element-2898f63 elementor-widget elementor-widget-slider_revolution\" data-id=\"2898f63\" data-element_type=\"widget\" data-e-type=\"widget\" data-settings=\"{&quot;ekit_we_effect_on&quot;:&quot;none&quot;}\" data-widget_type=\"slider_revolution.default\">\n\t\t\t\t<div class=\"elementor-widget-container\">\n\t\t\t\t\t\n\t\t<div class=\"wp-block-themepunch-revslider\">\n\t\t\t\t<p class=\"rs-p-wp-fix\"><\/p>\n\t\t\t\t<sr7-module data-alias=\"slider-2\" data-id=\"2\" id=\"SR7_2_1\" class=\"rs-ov-hidden\" data-version=\"6.7.51\">\n\t\t\t\t\t<sr7-adjuster><\/sr7-adjuster>\n\t\t\t\t\t<sr7-content>\n\t\t\t\t\t\t<sr7-slide id=\"SR7_2_1-4\" data-key=\"4\">\n\t\t\t\t\t\t<\/sr7-slide>\n\t\t\t\t\t\t<sr7-slide id=\"SR7_2_1-5\" data-key=\"5\">\n\t\t\t\t\t\t<\/sr7-slide>\n\t\t\t\t\t<\/sr7-content>\n\t\t\t\t\t<image_lists style=\"display:none\">\n\t\t\t\t\t\t<img data-src=\"\/\/sraticongres.ro\/wp-content\/uploads\/2025\/11\/Video-site-srati-2026-1920-X-600-2.png\" data-libid=\"14030\" data-lib=\"medialibrary\" title=\"Video site srati 2026 &#8211; 1920 X 600 (2)\" width=\"0\" height=\"0\" data-dbsrc=\"Ly9zcmF0aWNvbmdyZXMucm8vd3AtY29udGVudC91cGxvYWRzLzIwMjUvMTEvVmlkZW8tc2l0ZS1zcmF0aS0yMDI2LTE5MjAtWC02MDAtMi5wbmc=\"\/>\n\t\t\t\t\t<\/image_lists>\n\t\t\t\t<\/sr7-module>\n\t\t\t\t<script>\n\t\t\t\t\twindow.SR7 ??={};SR7.PMH ??={}; SR7.PMH[\"SR7_2_1\"] = {cn:100,state:false,fn: function() { if (window._tpt!==undefined && window._tpt.prepareModuleHeight !== undefined) {  _tpt.prepareModuleHeight({id:\"SR7_2_1\",el:[600,600,768,960,720],type:'standard',shdw:'0',gh:[600,600,320,243,150],gw:[1920,1920,1024,778,480],vpt:['-200px'],size:{fullWidth:true, fullHeight:false},mh:'0',onh:0,onw:0,bg:{color:'{\"orig\":\"transparent\",\"type\":\"solid\",\"string\":\"transparent\"}'}});   SR7.PMH[\"SR7_2_1\"].state=true;} else if(SR7.PMH[\"SR7_2_1\"].cn-->0)\tsetTimeout( SR7.PMH[\"SR7_2_1\"].fn,19);}};SR7.PMH[\"SR7_2_1\" ].fn();\n\t\t\t\t<\/script>\n<\/div>\n\n\t\t\t\t\t\t<\/div>\n\t\t\t\t<\/div>\n\t\t\t\t\t<\/div>\n\t\t\t\t<\/div>\n\t\t\t\t<section class=\"elementor-section elementor-top-section elementor-element elementor-element-cbad0d3 elementor-section-boxed elementor-section-height-default elementor-section-height-default\" data-id=\"cbad0d3\" data-element_type=\"section\" data-e-type=\"section\" data-settings=\"{&quot;ekit_section_parallax_multi&quot;:&quot;yes&quot;,&quot;ekit_section_parallax_multi_items&quot;:[{&quot;parallax_style&quot;:&quot;mousemove&quot;,&quot;image&quot;:{&quot;url&quot;:&quot;&quot;,&quot;id&quot;:&quot;&quot;,&quot;size&quot;:&quot;&quot;},&quot;source_rotate&quot;:{&quot;unit&quot;:&quot;deg&quot;,&quot;size&quot;:&quot;0&quot;,&quot;sizes&quot;:[]},&quot;parallax_blur_effect&quot;:{&quot;unit&quot;:&quot;px&quot;,&quot;size&quot;:&quot;0&quot;,&quot;sizes&quot;:[]},&quot;pos_x&quot;:{&quot;unit&quot;:&quot;%&quot;,&quot;size&quot;:&quot;27&quot;,&quot;sizes&quot;:[]},&quot;pos_x_tablet&quot;:{&quot;unit&quot;:&quot;px&quot;,&quot;size&quot;:&quot;-1000&quot;,&quot;sizes&quot;:[]},&quot;pos_x_mobile&quot;:{&quot;unit&quot;:&quot;px&quot;,&quot;size&quot;:&quot;-1000&quot;,&quot;sizes&quot;:[]},&quot;pos_y&quot;:{&quot;unit&quot;:&quot;%&quot;,&quot;size&quot;:&quot;2&quot;,&quot;sizes&quot;:[]},&quot;animation&quot;:null,&quot;animation_speed&quot;:null,&quot;parallax_speed&quot;:&quot;40&quot;,&quot;_id&quot;:&quot;38395ae&quot;,&quot;shape&quot;:null,&quot;width_type&quot;:&quot;&quot;,&quot;width_type_tablet&quot;:&quot;&quot;,&quot;width_type_mobile&quot;:&quot;&quot;,&quot;animation_tablet&quot;:null,&quot;animation_mobile&quot;:null,&quot;item_opacity&quot;:&quot;1&quot;,&quot;parallax_transform&quot;:null,&quot;parallax_transform_value&quot;:null,&quot;smoothness&quot;:null,&quot;offsettop&quot;:null,&quot;offsetbottom&quot;:null,&quot;maxtilt&quot;:null,&quot;scale&quot;:null,&quot;disableaxis&quot;:null,&quot;item_source&quot;:&quot;image&quot;,&quot;shape_color&quot;:null,&quot;custom_width&quot;:null,&quot;custom_width_tablet&quot;:null,&quot;custom_width_mobile&quot;:null,&quot;source_rotate_tablet&quot;:{&quot;unit&quot;:&quot;px&quot;,&quot;size&quot;:&quot;&quot;,&quot;sizes&quot;:[]},&quot;source_rotate_mobile&quot;:{&quot;unit&quot;:&quot;px&quot;,&quot;size&quot;:&quot;&quot;,&quot;sizes&quot;:[]},&quot;parallax_blur_effect_tablet&quot;:{&quot;unit&quot;:&quot;px&quot;,&quot;size&quot;:&quot;&quot;,&quot;sizes&quot;:[]},&quot;parallax_blur_effect_mobile&quot;:{&quot;unit&quot;:&quot;px&quot;,&quot;size&quot;:&quot;&quot;,&quot;sizes&quot;:[]},&quot;pos_y_tablet&quot;:{&quot;unit&quot;:&quot;px&quot;,&quot;size&quot;:&quot;&quot;,&quot;sizes&quot;:[]},&quot;pos_y_mobile&quot;:{&quot;unit&quot;:&quot;px&quot;,&quot;size&quot;:&quot;&quot;,&quot;sizes&quot;:[]},&quot;animation_iteration_count&quot;:null,&quot;animation_direction&quot;:null,&quot;zindex&quot;:&quot;2&quot;},{&quot;parallax_style&quot;:&quot;mousemove&quot;,&quot;image&quot;:{&quot;url&quot;:&quot;&quot;,&quot;id&quot;:&quot;&quot;,&quot;size&quot;:&quot;&quot;},&quot;source_rotate&quot;:{&quot;unit&quot;:&quot;deg&quot;,&quot;size&quot;:&quot;0&quot;,&quot;sizes&quot;:[]},&quot;parallax_blur_effect&quot;:{&quot;unit&quot;:&quot;px&quot;,&quot;size&quot;:&quot;0&quot;,&quot;sizes&quot;:[]},&quot;pos_x&quot;:{&quot;unit&quot;:&quot;%&quot;,&quot;size&quot;:&quot;90&quot;,&quot;sizes&quot;:[]},&quot;pos_x_tablet&quot;:{&quot;unit&quot;:&quot;px&quot;,&quot;size&quot;:&quot;-1000&quot;,&quot;sizes&quot;:[]},&quot;pos_x_mobile&quot;:{&quot;unit&quot;:&quot;px&quot;,&quot;size&quot;:&quot;-1000&quot;,&quot;sizes&quot;:[]},&quot;pos_y&quot;:{&quot;unit&quot;:&quot;%&quot;,&quot;size&quot;:&quot;9&quot;,&quot;sizes&quot;:[]},&quot;animation&quot;:null,&quot;animation_speed&quot;:null,&quot;parallax_speed&quot;:&quot;40&quot;,&quot;_id&quot;:&quot;237e2fe&quot;,&quot;shape&quot;:null,&quot;width_type&quot;:&quot;&quot;,&quot;width_type_tablet&quot;:&quot;&quot;,&quot;width_type_mobile&quot;:&quot;&quot;,&quot;animation_tablet&quot;:null,&quot;animation_mobile&quot;:null,&quot;item_opacity&quot;:&quot;1&quot;,&quot;parallax_transform&quot;:null,&quot;parallax_transform_value&quot;:null,&quot;smoothness&quot;:null,&quot;offsettop&quot;:null,&quot;offsetbottom&quot;:null,&quot;maxtilt&quot;:null,&quot;scale&quot;:null,&quot;disableaxis&quot;:null,&quot;item_source&quot;:&quot;image&quot;,&quot;shape_color&quot;:null,&quot;custom_width&quot;:null,&quot;custom_width_tablet&quot;:null,&quot;custom_width_mobile&quot;:null,&quot;source_rotate_tablet&quot;:{&quot;unit&quot;:&quot;px&quot;,&quot;size&quot;:&quot;&quot;,&quot;sizes&quot;:[]},&quot;source_rotate_mobile&quot;:{&quot;unit&quot;:&quot;px&quot;,&quot;size&quot;:&quot;&quot;,&quot;sizes&quot;:[]},&quot;parallax_blur_effect_tablet&quot;:{&quot;unit&quot;:&quot;px&quot;,&quot;size&quot;:&quot;&quot;,&quot;sizes&quot;:[]},&quot;parallax_blur_effect_mobile&quot;:{&quot;unit&quot;:&quot;px&quot;,&quot;size&quot;:&quot;&quot;,&quot;sizes&quot;:[]},&quot;pos_y_tablet&quot;:{&quot;unit&quot;:&quot;px&quot;,&quot;size&quot;:&quot;&quot;,&quot;sizes&quot;:[]},&quot;pos_y_mobile&quot;:{&quot;unit&quot;:&quot;px&quot;,&quot;size&quot;:&quot;&quot;,&quot;sizes&quot;:[]},&quot;animation_iteration_count&quot;:null,&quot;animation_direction&quot;:null,&quot;zindex&quot;:&quot;2&quot;},{&quot;parallax_style&quot;:&quot;mousemove&quot;,&quot;image&quot;:{&quot;url&quot;:&quot;&quot;,&quot;id&quot;:&quot;&quot;,&quot;size&quot;:&quot;&quot;},&quot;source_rotate&quot;:{&quot;unit&quot;:&quot;deg&quot;,&quot;size&quot;:&quot;0&quot;,&quot;sizes&quot;:[]},&quot;parallax_blur_effect&quot;:{&quot;unit&quot;:&quot;px&quot;,&quot;size&quot;:&quot;0&quot;,&quot;sizes&quot;:[]},&quot;pos_x&quot;:{&quot;unit&quot;:&quot;%&quot;,&quot;size&quot;:&quot;10&quot;,&quot;sizes&quot;:[]},&quot;pos_x_tablet&quot;:{&quot;unit&quot;:&quot;px&quot;,&quot;size&quot;:&quot;-1000&quot;,&quot;sizes&quot;:[]},&quot;pos_x_mobile&quot;:{&quot;unit&quot;:&quot;px&quot;,&quot;size&quot;:&quot;-1000&quot;,&quot;sizes&quot;:[]},&quot;pos_y&quot;:{&quot;unit&quot;:&quot;%&quot;,&quot;size&quot;:&quot;16&quot;,&quot;sizes&quot;:[]},&quot;animation&quot;:null,&quot;animation_speed&quot;:null,&quot;parallax_speed&quot;:&quot;10&quot;,&quot;_id&quot;:&quot;47cad93&quot;,&quot;shape&quot;:null,&quot;width_type&quot;:&quot;&quot;,&quot;width_type_tablet&quot;:&quot;&quot;,&quot;width_type_mobile&quot;:&quot;&quot;,&quot;animation_tablet&quot;:null,&quot;animation_mobile&quot;:null,&quot;item_opacity&quot;:&quot;1&quot;,&quot;parallax_transform&quot;:null,&quot;parallax_transform_value&quot;:null,&quot;smoothness&quot;:null,&quot;offsettop&quot;:null,&quot;offsetbottom&quot;:null,&quot;maxtilt&quot;:null,&quot;scale&quot;:null,&quot;disableaxis&quot;:null,&quot;item_source&quot;:&quot;image&quot;,&quot;shape_color&quot;:null,&quot;custom_width&quot;:null,&quot;custom_width_tablet&quot;:null,&quot;custom_width_mobile&quot;:null,&quot;source_rotate_tablet&quot;:{&quot;unit&quot;:&quot;px&quot;,&quot;size&quot;:&quot;&quot;,&quot;sizes&quot;:[]},&quot;source_rotate_mobile&quot;:{&quot;unit&quot;:&quot;px&quot;,&quot;size&quot;:&quot;&quot;,&quot;sizes&quot;:[]},&quot;parallax_blur_effect_tablet&quot;:{&quot;unit&quot;:&quot;px&quot;,&quot;size&quot;:&quot;&quot;,&quot;sizes&quot;:[]},&quot;parallax_blur_effect_mobile&quot;:{&quot;unit&quot;:&quot;px&quot;,&quot;size&quot;:&quot;&quot;,&quot;sizes&quot;:[]},&quot;pos_y_tablet&quot;:{&quot;unit&quot;:&quot;px&quot;,&quot;size&quot;:&quot;&quot;,&quot;sizes&quot;:[]},&quot;pos_y_mobile&quot;:{&quot;unit&quot;:&quot;px&quot;,&quot;size&quot;:&quot;&quot;,&quot;sizes&quot;:[]},&quot;animation_iteration_count&quot;:null,&quot;animation_direction&quot;:null,&quot;zindex&quot;:&quot;2&quot;},{&quot;parallax_style&quot;:&quot;onscroll&quot;,&quot;image&quot;:{&quot;url&quot;:&quot;&quot;,&quot;id&quot;:&quot;&quot;,&quot;size&quot;:&quot;&quot;},&quot;source_rotate&quot;:{&quot;unit&quot;:&quot;deg&quot;,&quot;size&quot;:&quot;0&quot;,&quot;sizes&quot;:[]},&quot;parallax_blur_effect&quot;:{&quot;unit&quot;:&quot;px&quot;,&quot;size&quot;:&quot;0&quot;,&quot;sizes&quot;:[]},&quot;pos_x&quot;:{&quot;unit&quot;:&quot;%&quot;,&quot;size&quot;:&quot;98&quot;,&quot;sizes&quot;:[]},&quot;pos_x_tablet&quot;:{&quot;unit&quot;:&quot;px&quot;,&quot;size&quot;:&quot;-1000&quot;,&quot;sizes&quot;:[]},&quot;pos_x_mobile&quot;:{&quot;unit&quot;:&quot;px&quot;,&quot;size&quot;:&quot;-1000&quot;,&quot;sizes&quot;:[]},&quot;pos_y&quot;:{&quot;unit&quot;:&quot;%&quot;,&quot;size&quot;:&quot;24&quot;,&quot;sizes&quot;:[]},&quot;animation&quot;:null,&quot;animation_speed&quot;:null,&quot;parallax_speed&quot;:null,&quot;parallax_transform_value&quot;:&quot;20&quot;,&quot;_id&quot;:&quot;c1a4c9b&quot;,&quot;shape&quot;:null,&quot;width_type&quot;:&quot;&quot;,&quot;width_type_tablet&quot;:&quot;&quot;,&quot;width_type_mobile&quot;:&quot;&quot;,&quot;animation_tablet&quot;:null,&quot;animation_mobile&quot;:null,&quot;item_opacity&quot;:&quot;1&quot;,&quot;parallax_transform&quot;:&quot;translateY&quot;,&quot;smoothness&quot;:&quot;700&quot;,&quot;offsettop&quot;:&quot;0&quot;,&quot;offsetbottom&quot;:&quot;0&quot;,&quot;maxtilt&quot;:null,&quot;scale&quot;:null,&quot;disableaxis&quot;:null,&quot;item_source&quot;:&quot;image&quot;,&quot;shape_color&quot;:null,&quot;custom_width&quot;:null,&quot;custom_width_tablet&quot;:null,&quot;custom_width_mobile&quot;:null,&quot;source_rotate_tablet&quot;:{&quot;unit&quot;:&quot;px&quot;,&quot;size&quot;:&quot;&quot;,&quot;sizes&quot;:[]},&quot;source_rotate_mobile&quot;:{&quot;unit&quot;:&quot;px&quot;,&quot;size&quot;:&quot;&quot;,&quot;sizes&quot;:[]},&quot;parallax_blur_effect_tablet&quot;:{&quot;unit&quot;:&quot;px&quot;,&quot;size&quot;:&quot;&quot;,&quot;sizes&quot;:[]},&quot;parallax_blur_effect_mobile&quot;:{&quot;unit&quot;:&quot;px&quot;,&quot;size&quot;:&quot;&quot;,&quot;sizes&quot;:[]},&quot;pos_y_tablet&quot;:{&quot;unit&quot;:&quot;px&quot;,&quot;size&quot;:&quot;&quot;,&quot;sizes&quot;:[]},&quot;pos_y_mobile&quot;:{&quot;unit&quot;:&quot;px&quot;,&quot;size&quot;:&quot;&quot;,&quot;sizes&quot;:[]},&quot;animation_iteration_count&quot;:null,&quot;animation_direction&quot;:null,&quot;zindex&quot;:&quot;2&quot;}]}\">\n\t\t\t\t\t\t<div class=\"elementor-container elementor-column-gap-default\">\n\t\t\t\t\t<div class=\"elementor-column elementor-col-100 elementor-top-column elementor-element elementor-element-b773188\" data-id=\"b773188\" data-element_type=\"column\" data-e-type=\"column\">\n\t\t\t<div class=\"elementor-widget-wrap elementor-element-populated\">\n\t\t\t\t<div class=\"elementor-element elementor-element-8e83a6a e-flex e-con-boxed e-con e-parent\" data-id=\"8e83a6a\" data-element_type=\"container\" data-e-type=\"container\">\n\t\t\t\t\t<div class=\"e-con-inner\">\n\t\t\t\t<div class=\"elementor-element elementor-element-bd4ce7b elementor-invisible elementor-widget elementor-widget-elementskit-heading\" data-id=\"bd4ce7b\" data-element_type=\"widget\" data-e-type=\"widget\" data-settings=\"{&quot;_animation&quot;:&quot;fadeInUp&quot;,&quot;ekit_we_effect_on&quot;:&quot;none&quot;}\" data-widget_type=\"elementskit-heading.default\">\n\t\t\t\t<div class=\"elementor-widget-container\">\n\t\t\t\t\t<div class=\"ekit-wid-con\" ><div class=\"ekit-heading elementskit-section-title-wraper text_center   ekit_heading_tablet-   ekit_heading_mobile-\"><p class=\"elementskit-section-subtitle  \">\n\t\t\t\t\t\tUni\u021bi suntem puternici, suntem SRATI!\n\t\t\t\t\t<\/p><h3 class=\"ekit-heading--title elementskit-section-title \">Metode de plat\u0103<\/h3><\/div><\/div>\t\t\t\t<\/div>\n\t\t\t\t<\/div>\n\t\t\t\t<div class=\"elementor-element elementor-element-ca0f25f elementor-widget elementor-widget-text-editor\" data-id=\"ca0f25f\" data-element_type=\"widget\" data-e-type=\"widget\" data-settings=\"{&quot;ekit_we_effect_on&quot;:&quot;none&quot;}\" data-widget_type=\"text-editor.default\">\n\t\t\t\t<div class=\"elementor-widget-container\">\n\t\t\t\t\t\t\t\t\t<p>Toate pl\u0103\u0163ile privind rezerv\u0103rile hoteliere\u00a0vor fi efectuate fie prin transfer bancar \/ depunere de numerar, fie online, prin card, folosind serviciul EuPl\u0103tesc.ro disponibil \u00een formularul de cazare online.<\/p><p><strong>Nu se accept\u0103 plata prin mandat po\u015ftal.<\/strong><\/p><p><strong><u>Pl\u0103\u021bi online<\/u><\/strong><\/p><p>Plata online, cu cardul, este disponibil\u0103 \u00een formularul de cazare \u00een pasul <strong>Metode de Plat\u0103<\/strong>, prin intermediul EuPl\u0103tesc.ro.<\/p><p>Dup\u0103 ce a\u021bi selectat aceast\u0103 metod\u0103 \u0219i tipul de card folosit, ve\u021bi fi redirec\u021bionat c\u0103tre o fereastr\u0103 securizat\u0103 pentru completarea datelor de card \u0219i finalizarea pl\u0103\u021bii.<\/p><p>\u00cen cazul \u00een care a\u021bi efectuat plata online, nu este necesar\u0103 trimiterea confirm\u0103rii de plat\u0103 c\u0103tre compania PCO \u2013 Ralcom Exhibitions srl.<\/p><p><strong><u>Pl\u0103\u0163i prin transfer bancar \/ depunere de numerar la banc\u0103<\/u><\/strong><\/p><p>Se vor efectua \u00een LEI la cursul zilei pl\u0103\u0163ii (curs BNR), pe coordonatele urm\u0103toare:<\/p><p>Beneficiar: Ralcom Exhibitions srl<\/p><p>Cod fiscal: RO4925905<\/p><p>Cont IBAN: RO 11 INGB 0001 0082 0432 8920 (LEI)<\/p><p>Spezele bancare sunt \u00een sarcina expeditorului \u015fi vor fi pl\u0103tite odat\u0103 cu achitarea rezerv\u0103rii hoteliere.<\/p><p>Dup\u0103 efectuarea pl\u0103\u021bii prin transfer bancar \/ depunere de numerar la banc\u0103, participantul va trimite o copie a dovezii de plat\u0103 c\u0103tre compania PCO\u00a0\u2013\u00a0Ralcom Exhibitions srl prin e-mail, la adresa\u00a0<a href=\"mailto:registration@sraticongres.ro\">registration@sraticongres.ro<\/a><\/p><p>V\u0103 rug\u0103m s\u0103 preciza\u0163i pe documentul de plat\u0103\u00a0<strong>NUMELE\u00a0<\/strong><strong>\u0219i<\/strong><strong>\u00a0PRENUMELE<\/strong>\u00a0persoanei pentru care se face plata \u015fi men\u021biunea \u201e<strong>CAZARE SRATI 2026<\/strong>\u201d.<\/p>\t\t\t\t\t\t\t\t<\/div>\n\t\t\t\t<\/div>\n\t\t\t\t<div class=\"elementor-element elementor-element-66758ec elementor-widget__width-inherit elementor-absolute elementor-hidden-phone elementor-widget elementor-widget-elementskit-heading\" data-id=\"66758ec\" data-element_type=\"widget\" data-e-type=\"widget\" data-settings=\"{&quot;ekit_we_effect_on&quot;:&quot;onscroll&quot;,&quot;ekit_we_scroll_animation_value&quot;:&quot;-50&quot;,&quot;_position&quot;:&quot;absolute&quot;,&quot;ekit_we_on_test_mode&quot;:&quot;on&quot;,&quot;ekit_we_scroll_animation&quot;:&quot;translateY&quot;,&quot;ekit_we_scroll_smoothness&quot;:700,&quot;ekit_we_scroll_offsettop&quot;:0,&quot;ekit_we_scroll_offsetbottom&quot;:0}\" data-widget_type=\"elementskit-heading.default\">\n\t\t\t\t<div class=\"elementor-widget-container\">\n\t\t\t\t\t<div class=\"ekit-wid-con\" ><div class=\"ekit-heading elementskit-section-title-wraper text_center   ekit_heading_tablet-   ekit_heading_mobile-\"><h2 class=\"ekit-heading--title elementskit-section-title \">speakers<\/h2><\/div><\/div>\t\t\t\t<\/div>\n\t\t\t\t<\/div>\n\t\t\t\t<div class=\"elementor-element elementor-element-bb68b64 elementor-widget__width-inherit elementor-absolute elementor-hidden-phone elementor-widget elementor-widget-elementskit-heading\" data-id=\"bb68b64\" data-element_type=\"widget\" data-e-type=\"widget\" data-settings=\"{&quot;ekit_we_effect_on&quot;:&quot;onscroll&quot;,&quot;ekit_we_scroll_animation_value&quot;:&quot;-50&quot;,&quot;_position&quot;:&quot;absolute&quot;,&quot;ekit_we_on_test_mode&quot;:&quot;on&quot;,&quot;ekit_we_scroll_animation&quot;:&quot;translateY&quot;,&quot;ekit_we_scroll_smoothness&quot;:700,&quot;ekit_we_scroll_offsettop&quot;:0,&quot;ekit_we_scroll_offsetbottom&quot;:0}\" data-widget_type=\"elementskit-heading.default\">\n\t\t\t\t<div class=\"elementor-widget-container\">\n\t\t\t\t\t<div class=\"ekit-wid-con\" ><div class=\"ekit-heading elementskit-section-title-wraper text_center   ekit_heading_tablet-   ekit_heading_mobile-\"><h2 class=\"ekit-heading--title elementskit-section-title \">speakers<\/h2><\/div><\/div>\t\t\t\t<\/div>\n\t\t\t\t<\/div>\n\t\t\t\t<div class=\"elementor-element elementor-element-60e4c84 elementor-widget__width-inherit elementor-absolute notranslate elementor-widget elementor-widget-elementskit-heading\" data-id=\"60e4c84\" data-element_type=\"widget\" data-e-type=\"widget\" data-settings=\"{&quot;ekit_we_effect_on&quot;:&quot;onscroll&quot;,&quot;ekit_we_scroll_animation_value&quot;:&quot;-50&quot;,&quot;_position&quot;:&quot;absolute&quot;,&quot;ekit_we_on_test_mode&quot;:&quot;on&quot;,&quot;ekit_we_scroll_animation&quot;:&quot;translateY&quot;,&quot;ekit_we_scroll_smoothness&quot;:700,&quot;ekit_we_scroll_offsettop&quot;:0,&quot;ekit_we_scroll_offsetbottom&quot;:0}\" data-widget_type=\"elementskit-heading.default\">\n\t\t\t\t<div class=\"elementor-widget-container\">\n\t\t\t\t\t<div class=\"ekit-wid-con\" ><div class=\"ekit-heading elementskit-section-title-wraper text_center   ekit_heading_tablet-   ekit_heading_mobile-\"><h2 class=\"ekit-heading--title elementskit-section-title \">SRATI 2026<\/h2><\/div><\/div>\t\t\t\t<\/div>\n\t\t\t\t<\/div>\n\t\t\t\t\t<\/div>\n\t\t\t\t<\/div>\n\t\t\t\t\t<\/div>\n\t\t<\/div>\n\t\t\t\t\t<\/div>\n\t\t<\/section>\n\t\t\t\t<\/div>\n\t\t","protected":false},"excerpt":{"rendered":"<p>Uni\u021bi suntem puternici, suntem SRATI! Metode de plat\u0103 Toate pl\u0103\u0163ile privind rezerv\u0103rile hoteliere\u00a0vor fi efectuate fie prin transfer bancar \/ depunere de numerar, fie online, prin card, folosind serviciul EuPl\u0103tesc.ro disponibil \u00een formularul de cazare online. Nu se accept\u0103 plata prin mandat po\u015ftal. Pl\u0103\u021bi online Plata online, cu cardul, este disponibil\u0103 \u00een formularul de cazare [&hellip;]<\/p>\n","protected":false},"author":1,"featured_media":0,"parent":0,"menu_order":0,"comment_status":"closed","ping_status":"closed","template":"elementor_header_footer","meta":{"_acf_changed":false,"footnotes":""},"class_list":["post-10467","page","type-page","status-publish","hentry"],"acf":[],"_links":{"self":[{"href":"https:\/\/sraticongres.ro\/index.php\/wp-json\/wp\/v2\/pages\/10467","targetHints":{"allow":["GET"]}}],"collection":[{"href":"https:\/\/sraticongres.ro\/index.php\/wp-json\/wp\/v2\/pages"}],"about":[{"href":"https:\/\/sraticongres.ro\/index.php\/wp-json\/wp\/v2\/types\/page"}],"author":[{"embeddable":true,"href":"https:\/\/sraticongres.ro\/index.php\/wp-json\/wp\/v2\/users\/1"}],"replies":[{"embeddable":true,"href":"https:\/\/sraticongres.ro\/index.php\/wp-json\/wp\/v2\/comments?post=10467"}],"version-history":[{"count":10,"href":"https:\/\/sraticongres.ro\/index.php\/wp-json\/wp\/v2\/pages\/10467\/revisions"}],"predecessor-version":[{"id":14161,"href":"https:\/\/sraticongres.ro\/index.php\/wp-json\/wp\/v2\/pages\/10467\/revisions\/14161"}],"wp:attachment":[{"href":"https:\/\/sraticongres.ro\/index.php\/wp-json\/wp\/v2\/media?parent=10467"}],"curies":[{"name":"wp","href":"https:\/\/api.w.org\/{rel}","templated":true}]}}