{"id":9454,"date":"2023-12-18T15:52:32","date_gmt":"2023-12-18T15:52:32","guid":{"rendered":"https:\/\/sraticongres.ro\/2024\/?page_id=9454"},"modified":"2024-01-08T07:43:56","modified_gmt":"2024-01-08T07:43:56","slug":"info-media","status":"publish","type":"page","link":"https:\/\/sraticongres.ro\/2024\/index.php\/info-media\/","title":{"rendered":"Info media"},"content":{"rendered":"\t\t<div data-elementor-type=\"wp-page\" data-elementor-id=\"9454\" class=\"elementor elementor-9454\">\n\t\t\t\t<div class=\"elementor-element elementor-element-f8bb229 e-flex e-con-boxed e-con e-parent\" data-id=\"f8bb229\" data-element_type=\"container\" data-e-type=\"container\">\n\t\t\t\t\t<div class=\"e-con-inner\">\n\t\t\t\t<div class=\"elementor-element elementor-element-2898f63 elementor-widget elementor-widget-slider_revolution\" data-id=\"2898f63\" data-element_type=\"widget\" data-e-type=\"widget\" data-settings=\"{&quot;ekit_we_effect_on&quot;:&quot;none&quot;}\" data-widget_type=\"slider_revolution.default\">\n\t\t\t\t<div class=\"elementor-widget-container\">\n\t\t\t\t\t\n\t\t<div class=\"wp-block-themepunch-revslider\">\n\t\t\t\t<p class=\"rs-p-wp-fix\"><\/p>\n\t\t\t\t<sr7-module data-alias=\"slider-2\" data-id=\"2\" id=\"SR7_2_1\" data-version=\"6.7.51\">\n\t\t\t\t\t<sr7-adjuster><\/sr7-adjuster>\n\t\t\t\t\t<sr7-content>\n\t\t\t\t\t\t<sr7-slide id=\"SR7_2_1-4\" data-key=\"4\">\n\t\t\t\t\t\t<\/sr7-slide>\n\t\t\t\t\t\t<sr7-slide id=\"SR7_2_1-5\" data-key=\"5\">\n\t\t\t\t\t\t<\/sr7-slide>\n\t\t\t\t\t<\/sr7-content>\n\t\t\t\t<\/sr7-module>\n\t\t\t\t<script>\n\t\t\t\t\twindow.SR7 ??={};SR7.PMH ??={}; SR7.PMH[\"SR7_2_1\"] = {cn:100,state:false,fn: function() { if (window._tpt!==undefined && window._tpt.prepareModuleHeight !== undefined) {  _tpt.prepareModuleHeight({id:\"SR7_2_1\",el:[600],type:'standard',shdw:'0',gh:[600],gw:[1920],vpt:['-200px'],size:{fullWidth:true, fullHeight:false},mh:'0',onh:0,onw:0,bg:{color:'transparent'}});   SR7.PMH[\"SR7_2_1\"].state=true;} else if(SR7.PMH[\"SR7_2_1\"].cn-->0)\tsetTimeout( SR7.PMH[\"SR7_2_1\"].fn,19);}};SR7.PMH[\"SR7_2_1\" ].fn();\n\t\t\t\t<\/script>\n<\/div>\n\n\t\t\t\t\t\t<\/div>\n\t\t\t\t<\/div>\n\t\t\t\t\t<\/div>\n\t\t\t\t<\/div>\n\t\t\t\t<section class=\"elementor-section elementor-top-section elementor-element elementor-element-cbad0d3 elementor-section-boxed elementor-section-height-default elementor-section-height-default\" data-id=\"cbad0d3\" data-element_type=\"section\" data-e-type=\"section\" data-settings=\"{&quot;ekit_section_parallax_multi&quot;:&quot;yes&quot;,&quot;ekit_section_parallax_multi_items&quot;:[{&quot;parallax_style&quot;:&quot;mousemove&quot;,&quot;image&quot;:{&quot;url&quot;:&quot;&quot;,&quot;id&quot;:&quot;&quot;,&quot;size&quot;:&quot;&quot;},&quot;source_rotate&quot;:{&quot;unit&quot;:&quot;deg&quot;,&quot;size&quot;:&quot;0&quot;,&quot;sizes&quot;:[]},&quot;parallax_blur_effect&quot;:{&quot;unit&quot;:&quot;px&quot;,&quot;size&quot;:&quot;0&quot;,&quot;sizes&quot;:[]},&quot;pos_x&quot;:{&quot;unit&quot;:&quot;%&quot;,&quot;size&quot;:&quot;27&quot;,&quot;sizes&quot;:[]},&quot;pos_x_tablet&quot;:{&quot;unit&quot;:&quot;px&quot;,&quot;size&quot;:&quot;-1000&quot;,&quot;sizes&quot;:[]},&quot;pos_x_mobile&quot;:{&quot;unit&quot;:&quot;px&quot;,&quot;size&quot;:&quot;-1000&quot;,&quot;sizes&quot;:[]},&quot;pos_y&quot;:{&quot;unit&quot;:&quot;%&quot;,&quot;size&quot;:&quot;2&quot;,&quot;sizes&quot;:[]},&quot;animation&quot;:null,&quot;animation_speed&quot;:null,&quot;parallax_speed&quot;:&quot;40&quot;,&quot;_id&quot;:&quot;38395ae&quot;,&quot;shape&quot;:null,&quot;width_type&quot;:&quot;&quot;,&quot;width_type_tablet&quot;:&quot;&quot;,&quot;width_type_mobile&quot;:&quot;&quot;,&quot;animation_tablet&quot;:null,&quot;animation_mobile&quot;:null,&quot;item_opacity&quot;:&quot;1&quot;,&quot;parallax_transform&quot;:null,&quot;parallax_transform_value&quot;:null,&quot;smoothness&quot;:null,&quot;offsettop&quot;:null,&quot;offsetbottom&quot;:null,&quot;maxtilt&quot;:null,&quot;scale&quot;:null,&quot;disableaxis&quot;:null,&quot;item_source&quot;:&quot;image&quot;,&quot;shape_color&quot;:null,&quot;custom_width&quot;:null,&quot;custom_width_tablet&quot;:null,&quot;custom_width_mobile&quot;:null,&quot;source_rotate_tablet&quot;:{&quot;unit&quot;:&quot;px&quot;,&quot;size&quot;:&quot;&quot;,&quot;sizes&quot;:[]},&quot;source_rotate_mobile&quot;:{&quot;unit&quot;:&quot;px&quot;,&quot;size&quot;:&quot;&quot;,&quot;sizes&quot;:[]},&quot;parallax_blur_effect_tablet&quot;:{&quot;unit&quot;:&quot;px&quot;,&quot;size&quot;:&quot;&quot;,&quot;sizes&quot;:[]},&quot;parallax_blur_effect_mobile&quot;:{&quot;unit&quot;:&quot;px&quot;,&quot;size&quot;:&quot;&quot;,&quot;sizes&quot;:[]},&quot;pos_y_tablet&quot;:{&quot;unit&quot;:&quot;px&quot;,&quot;size&quot;:&quot;&quot;,&quot;sizes&quot;:[]},&quot;pos_y_mobile&quot;:{&quot;unit&quot;:&quot;px&quot;,&quot;size&quot;:&quot;&quot;,&quot;sizes&quot;:[]},&quot;animation_iteration_count&quot;:null,&quot;animation_direction&quot;:null,&quot;zindex&quot;:&quot;2&quot;},{&quot;parallax_style&quot;:&quot;mousemove&quot;,&quot;image&quot;:{&quot;url&quot;:&quot;&quot;,&quot;id&quot;:&quot;&quot;,&quot;size&quot;:&quot;&quot;},&quot;source_rotate&quot;:{&quot;unit&quot;:&quot;deg&quot;,&quot;size&quot;:&quot;0&quot;,&quot;sizes&quot;:[]},&quot;parallax_blur_effect&quot;:{&quot;unit&quot;:&quot;px&quot;,&quot;size&quot;:&quot;0&quot;,&quot;sizes&quot;:[]},&quot;pos_x&quot;:{&quot;unit&quot;:&quot;%&quot;,&quot;size&quot;:&quot;90&quot;,&quot;sizes&quot;:[]},&quot;pos_x_tablet&quot;:{&quot;unit&quot;:&quot;px&quot;,&quot;size&quot;:&quot;-1000&quot;,&quot;sizes&quot;:[]},&quot;pos_x_mobile&quot;:{&quot;unit&quot;:&quot;px&quot;,&quot;size&quot;:&quot;-1000&quot;,&quot;sizes&quot;:[]},&quot;pos_y&quot;:{&quot;unit&quot;:&quot;%&quot;,&quot;size&quot;:&quot;9&quot;,&quot;sizes&quot;:[]},&quot;animation&quot;:null,&quot;animation_speed&quot;:null,&quot;parallax_speed&quot;:&quot;40&quot;,&quot;_id&quot;:&quot;237e2fe&quot;,&quot;shape&quot;:null,&quot;width_type&quot;:&quot;&quot;,&quot;width_type_tablet&quot;:&quot;&quot;,&quot;width_type_mobile&quot;:&quot;&quot;,&quot;animation_tablet&quot;:null,&quot;animation_mobile&quot;:null,&quot;item_opacity&quot;:&quot;1&quot;,&quot;parallax_transform&quot;:null,&quot;parallax_transform_value&quot;:null,&quot;smoothness&quot;:null,&quot;offsettop&quot;:null,&quot;offsetbottom&quot;:null,&quot;maxtilt&quot;:null,&quot;scale&quot;:null,&quot;disableaxis&quot;:null,&quot;item_source&quot;:&quot;image&quot;,&quot;shape_color&quot;:null,&quot;custom_width&quot;:null,&quot;custom_width_tablet&quot;:null,&quot;custom_width_mobile&quot;:null,&quot;source_rotate_tablet&quot;:{&quot;unit&quot;:&quot;px&quot;,&quot;size&quot;:&quot;&quot;,&quot;sizes&quot;:[]},&quot;source_rotate_mobile&quot;:{&quot;unit&quot;:&quot;px&quot;,&quot;size&quot;:&quot;&quot;,&quot;sizes&quot;:[]},&quot;parallax_blur_effect_tablet&quot;:{&quot;unit&quot;:&quot;px&quot;,&quot;size&quot;:&quot;&quot;,&quot;sizes&quot;:[]},&quot;parallax_blur_effect_mobile&quot;:{&quot;unit&quot;:&quot;px&quot;,&quot;size&quot;:&quot;&quot;,&quot;sizes&quot;:[]},&quot;pos_y_tablet&quot;:{&quot;unit&quot;:&quot;px&quot;,&quot;size&quot;:&quot;&quot;,&quot;sizes&quot;:[]},&quot;pos_y_mobile&quot;:{&quot;unit&quot;:&quot;px&quot;,&quot;size&quot;:&quot;&quot;,&quot;sizes&quot;:[]},&quot;animation_iteration_count&quot;:null,&quot;animation_direction&quot;:null,&quot;zindex&quot;:&quot;2&quot;},{&quot;parallax_style&quot;:&quot;mousemove&quot;,&quot;image&quot;:{&quot;url&quot;:&quot;&quot;,&quot;id&quot;:&quot;&quot;,&quot;size&quot;:&quot;&quot;},&quot;source_rotate&quot;:{&quot;unit&quot;:&quot;deg&quot;,&quot;size&quot;:&quot;0&quot;,&quot;sizes&quot;:[]},&quot;parallax_blur_effect&quot;:{&quot;unit&quot;:&quot;px&quot;,&quot;size&quot;:&quot;0&quot;,&quot;sizes&quot;:[]},&quot;pos_x&quot;:{&quot;unit&quot;:&quot;%&quot;,&quot;size&quot;:&quot;10&quot;,&quot;sizes&quot;:[]},&quot;pos_x_tablet&quot;:{&quot;unit&quot;:&quot;px&quot;,&quot;size&quot;:&quot;-1000&quot;,&quot;sizes&quot;:[]},&quot;pos_x_mobile&quot;:{&quot;unit&quot;:&quot;px&quot;,&quot;size&quot;:&quot;-1000&quot;,&quot;sizes&quot;:[]},&quot;pos_y&quot;:{&quot;unit&quot;:&quot;%&quot;,&quot;size&quot;:&quot;16&quot;,&quot;sizes&quot;:[]},&quot;animation&quot;:null,&quot;animation_speed&quot;:null,&quot;parallax_speed&quot;:&quot;10&quot;,&quot;_id&quot;:&quot;47cad93&quot;,&quot;shape&quot;:null,&quot;width_type&quot;:&quot;&quot;,&quot;width_type_tablet&quot;:&quot;&quot;,&quot;width_type_mobile&quot;:&quot;&quot;,&quot;animation_tablet&quot;:null,&quot;animation_mobile&quot;:null,&quot;item_opacity&quot;:&quot;1&quot;,&quot;parallax_transform&quot;:null,&quot;parallax_transform_value&quot;:null,&quot;smoothness&quot;:null,&quot;offsettop&quot;:null,&quot;offsetbottom&quot;:null,&quot;maxtilt&quot;:null,&quot;scale&quot;:null,&quot;disableaxis&quot;:null,&quot;item_source&quot;:&quot;image&quot;,&quot;shape_color&quot;:null,&quot;custom_width&quot;:null,&quot;custom_width_tablet&quot;:null,&quot;custom_width_mobile&quot;:null,&quot;source_rotate_tablet&quot;:{&quot;unit&quot;:&quot;px&quot;,&quot;size&quot;:&quot;&quot;,&quot;sizes&quot;:[]},&quot;source_rotate_mobile&quot;:{&quot;unit&quot;:&quot;px&quot;,&quot;size&quot;:&quot;&quot;,&quot;sizes&quot;:[]},&quot;parallax_blur_effect_tablet&quot;:{&quot;unit&quot;:&quot;px&quot;,&quot;size&quot;:&quot;&quot;,&quot;sizes&quot;:[]},&quot;parallax_blur_effect_mobile&quot;:{&quot;unit&quot;:&quot;px&quot;,&quot;size&quot;:&quot;&quot;,&quot;sizes&quot;:[]},&quot;pos_y_tablet&quot;:{&quot;unit&quot;:&quot;px&quot;,&quot;size&quot;:&quot;&quot;,&quot;sizes&quot;:[]},&quot;pos_y_mobile&quot;:{&quot;unit&quot;:&quot;px&quot;,&quot;size&quot;:&quot;&quot;,&quot;sizes&quot;:[]},&quot;animation_iteration_count&quot;:null,&quot;animation_direction&quot;:null,&quot;zindex&quot;:&quot;2&quot;},{&quot;parallax_style&quot;:&quot;onscroll&quot;,&quot;image&quot;:{&quot;url&quot;:&quot;&quot;,&quot;id&quot;:&quot;&quot;,&quot;size&quot;:&quot;&quot;},&quot;source_rotate&quot;:{&quot;unit&quot;:&quot;deg&quot;,&quot;size&quot;:&quot;0&quot;,&quot;sizes&quot;:[]},&quot;parallax_blur_effect&quot;:{&quot;unit&quot;:&quot;px&quot;,&quot;size&quot;:&quot;0&quot;,&quot;sizes&quot;:[]},&quot;pos_x&quot;:{&quot;unit&quot;:&quot;%&quot;,&quot;size&quot;:&quot;98&quot;,&quot;sizes&quot;:[]},&quot;pos_x_tablet&quot;:{&quot;unit&quot;:&quot;px&quot;,&quot;size&quot;:&quot;-1000&quot;,&quot;sizes&quot;:[]},&quot;pos_x_mobile&quot;:{&quot;unit&quot;:&quot;px&quot;,&quot;size&quot;:&quot;-1000&quot;,&quot;sizes&quot;:[]},&quot;pos_y&quot;:{&quot;unit&quot;:&quot;%&quot;,&quot;size&quot;:&quot;24&quot;,&quot;sizes&quot;:[]},&quot;animation&quot;:null,&quot;animation_speed&quot;:null,&quot;parallax_speed&quot;:null,&quot;parallax_transform_value&quot;:&quot;20&quot;,&quot;_id&quot;:&quot;c1a4c9b&quot;,&quot;shape&quot;:null,&quot;width_type&quot;:&quot;&quot;,&quot;width_type_tablet&quot;:&quot;&quot;,&quot;width_type_mobile&quot;:&quot;&quot;,&quot;animation_tablet&quot;:null,&quot;animation_mobile&quot;:null,&quot;item_opacity&quot;:&quot;1&quot;,&quot;parallax_transform&quot;:&quot;translateY&quot;,&quot;smoothness&quot;:&quot;700&quot;,&quot;offsettop&quot;:&quot;0&quot;,&quot;offsetbottom&quot;:&quot;0&quot;,&quot;maxtilt&quot;:null,&quot;scale&quot;:null,&quot;disableaxis&quot;:null,&quot;item_source&quot;:&quot;image&quot;,&quot;shape_color&quot;:null,&quot;custom_width&quot;:null,&quot;custom_width_tablet&quot;:null,&quot;custom_width_mobile&quot;:null,&quot;source_rotate_tablet&quot;:{&quot;unit&quot;:&quot;px&quot;,&quot;size&quot;:&quot;&quot;,&quot;sizes&quot;:[]},&quot;source_rotate_mobile&quot;:{&quot;unit&quot;:&quot;px&quot;,&quot;size&quot;:&quot;&quot;,&quot;sizes&quot;:[]},&quot;parallax_blur_effect_tablet&quot;:{&quot;unit&quot;:&quot;px&quot;,&quot;size&quot;:&quot;&quot;,&quot;sizes&quot;:[]},&quot;parallax_blur_effect_mobile&quot;:{&quot;unit&quot;:&quot;px&quot;,&quot;size&quot;:&quot;&quot;,&quot;sizes&quot;:[]},&quot;pos_y_tablet&quot;:{&quot;unit&quot;:&quot;px&quot;,&quot;size&quot;:&quot;&quot;,&quot;sizes&quot;:[]},&quot;pos_y_mobile&quot;:{&quot;unit&quot;:&quot;px&quot;,&quot;size&quot;:&quot;&quot;,&quot;sizes&quot;:[]},&quot;animation_iteration_count&quot;:null,&quot;animation_direction&quot;:null,&quot;zindex&quot;:&quot;2&quot;}]}\">\n\t\t\t\t\t\t<div class=\"elementor-container elementor-column-gap-default\">\n\t\t\t\t\t<div class=\"elementor-column elementor-col-100 elementor-top-column elementor-element elementor-element-b773188\" data-id=\"b773188\" data-element_type=\"column\" data-e-type=\"column\">\n\t\t\t<div class=\"elementor-widget-wrap elementor-element-populated\">\n\t\t\t\t<div class=\"elementor-element elementor-element-8e83a6a e-flex e-con-boxed e-con e-parent\" data-id=\"8e83a6a\" data-element_type=\"container\" data-e-type=\"container\">\n\t\t\t\t\t<div class=\"e-con-inner\">\n\t\t\t\t<div class=\"elementor-element elementor-element-bd4ce7b elementor-invisible elementor-widget elementor-widget-elementskit-heading\" data-id=\"bd4ce7b\" data-element_type=\"widget\" data-e-type=\"widget\" data-settings=\"{&quot;_animation&quot;:&quot;fadeInUp&quot;,&quot;ekit_we_effect_on&quot;:&quot;none&quot;}\" data-widget_type=\"elementskit-heading.default\">\n\t\t\t\t<div class=\"elementor-widget-container\">\n\t\t\t\t\t<div class=\"ekit-wid-con\" ><div class=\"ekit-heading elementskit-section-title-wraper text_center   ekit_heading_tablet-   ekit_heading_mobile-\"><p class=\"elementskit-section-subtitle  \">\n\t\t\t\t\t\tUni\u021bi suntem puternici, suntem SRATI!\n\t\t\t\t\t<\/p><h3 class=\"ekit-heading--title elementskit-section-title \">Info Media<\/h3><\/div><\/div>\t\t\t\t<\/div>\n\t\t\t\t<\/div>\n\t\t\t\t<div class=\"elementor-element elementor-element-66758ec elementor-widget__width-inherit elementor-absolute elementor-hidden-phone elementor-widget elementor-widget-elementskit-heading\" data-id=\"66758ec\" data-element_type=\"widget\" data-e-type=\"widget\" data-settings=\"{&quot;ekit_we_effect_on&quot;:&quot;onscroll&quot;,&quot;ekit_we_scroll_animation_value&quot;:&quot;-50&quot;,&quot;_position&quot;:&quot;absolute&quot;,&quot;ekit_we_on_test_mode&quot;:&quot;on&quot;,&quot;ekit_we_scroll_animation&quot;:&quot;translateY&quot;,&quot;ekit_we_scroll_smoothness&quot;:700,&quot;ekit_we_scroll_offsettop&quot;:0,&quot;ekit_we_scroll_offsetbottom&quot;:0}\" data-widget_type=\"elementskit-heading.default\">\n\t\t\t\t<div class=\"elementor-widget-container\">\n\t\t\t\t\t<div class=\"ekit-wid-con\" ><div class=\"ekit-heading elementskit-section-title-wraper text_center   ekit_heading_tablet-   ekit_heading_mobile-\"><h2 class=\"ekit-heading--title elementskit-section-title \">speakers<\/h2><\/div><\/div>\t\t\t\t<\/div>\n\t\t\t\t<\/div>\n\t\t\t\t<div class=\"elementor-element elementor-element-bb68b64 elementor-widget__width-inherit elementor-absolute elementor-hidden-phone elementor-widget elementor-widget-elementskit-heading\" data-id=\"bb68b64\" data-element_type=\"widget\" data-e-type=\"widget\" data-settings=\"{&quot;ekit_we_effect_on&quot;:&quot;onscroll&quot;,&quot;ekit_we_scroll_animation_value&quot;:&quot;-50&quot;,&quot;_position&quot;:&quot;absolute&quot;,&quot;ekit_we_on_test_mode&quot;:&quot;on&quot;,&quot;ekit_we_scroll_animation&quot;:&quot;translateY&quot;,&quot;ekit_we_scroll_smoothness&quot;:700,&quot;ekit_we_scroll_offsettop&quot;:0,&quot;ekit_we_scroll_offsetbottom&quot;:0}\" data-widget_type=\"elementskit-heading.default\">\n\t\t\t\t<div class=\"elementor-widget-container\">\n\t\t\t\t\t<div class=\"ekit-wid-con\" ><div class=\"ekit-heading elementskit-section-title-wraper text_center   ekit_heading_tablet-   ekit_heading_mobile-\"><h2 class=\"ekit-heading--title elementskit-section-title \">speakers<\/h2><\/div><\/div>\t\t\t\t<\/div>\n\t\t\t\t<\/div>\n\t\t\t\t<div class=\"elementor-element elementor-element-60e4c84 elementor-widget__width-inherit elementor-absolute elementor-hidden-phone elementor-widget elementor-widget-elementskit-heading\" data-id=\"60e4c84\" data-element_type=\"widget\" data-e-type=\"widget\" data-settings=\"{&quot;ekit_we_effect_on&quot;:&quot;onscroll&quot;,&quot;ekit_we_scroll_animation_value&quot;:&quot;-50&quot;,&quot;_position&quot;:&quot;absolute&quot;,&quot;ekit_we_on_test_mode&quot;:&quot;on&quot;,&quot;ekit_we_scroll_animation&quot;:&quot;translateY&quot;,&quot;ekit_we_scroll_smoothness&quot;:700,&quot;ekit_we_scroll_offsettop&quot;:0,&quot;ekit_we_scroll_offsetbottom&quot;:0}\" data-widget_type=\"elementskit-heading.default\">\n\t\t\t\t<div class=\"elementor-widget-container\">\n\t\t\t\t\t<div class=\"ekit-wid-con\" ><div class=\"ekit-heading elementskit-section-title-wraper text_center   ekit_heading_tablet-   ekit_heading_mobile-\"><h2 class=\"ekit-heading--title elementskit-section-title \">SRATI 2024<\/h2><\/div><\/div>\t\t\t\t<\/div>\n\t\t\t\t<\/div>\n\t\t\t\t\t<\/div>\n\t\t\t\t<\/div>\n\t\t\t\t\t<\/div>\n\t\t<\/div>\n\t\t\t\t\t<\/div>\n\t\t<\/section>\n\t\t\t\t<section class=\"elementor-section elementor-inner-section elementor-element elementor-element-188e6bc animated-slow elementor-section-boxed elementor-section-height-default elementor-section-height-default\" data-id=\"188e6bc\" data-element_type=\"section\" data-e-type=\"section\" data-settings=\"{&quot;animation&quot;:&quot;none&quot;,&quot;animation_tablet&quot;:&quot;none&quot;}\">\n\t\t\t\t\t\t<div class=\"elementor-container elementor-column-gap-default\">\n\t\t\t\t\t<div class=\"elementor-column elementor-col-33 elementor-inner-column elementor-element elementor-element-c2fa6ac\" data-id=\"c2fa6ac\" data-element_type=\"column\" data-e-type=\"column\" data-settings=\"{&quot;animation&quot;:&quot;none&quot;}\">\n\t\t\t<div class=\"elementor-widget-wrap\">\n\t\t\t\t\t\t\t<\/div>\n\t\t<\/div>\n\t\t\t\t<div class=\"elementor-column elementor-col-33 elementor-inner-column elementor-element elementor-element-0757439\" data-id=\"0757439\" data-element_type=\"column\" data-e-type=\"column\" data-settings=\"{&quot;animation&quot;:&quot;none&quot;,&quot;animation_delay&quot;:&quot;300&quot;}\">\n\t\t\t<div class=\"elementor-widget-wrap\">\n\t\t\t\t\t\t\t<\/div>\n\t\t<\/div>\n\t\t\t\t<div class=\"elementor-column elementor-col-33 elementor-inner-column elementor-element elementor-element-71c8779\" data-id=\"71c8779\" data-element_type=\"column\" data-e-type=\"column\" data-settings=\"{&quot;animation&quot;:&quot;none&quot;,&quot;animation_delay&quot;:&quot;600&quot;}\">\n\t\t\t<div class=\"elementor-widget-wrap\">\n\t\t\t\t\t\t\t<\/div>\n\t\t<\/div>\n\t\t\t\t\t<\/div>\n\t\t<\/section>\n\t\t<div class=\"elementor-element elementor-element-bfce071 e-flex e-con-boxed e-con e-parent\" data-id=\"bfce071\" data-element_type=\"container\" data-e-type=\"container\">\n\t\t\t\t\t<div class=\"e-con-inner\">\n\t\t\t\t<div class=\"elementor-element elementor-element-363f7b3 elementor-widget elementor-widget-text-editor\" data-id=\"363f7b3\" data-element_type=\"widget\" data-e-type=\"widget\" data-settings=\"{&quot;ekit_we_effect_on&quot;:&quot;none&quot;}\" data-widget_type=\"text-editor.default\">\n\t\t\t\t<div class=\"elementor-widget-container\">\n\t\t\t\t\t\t\t\t\t<div class=\"row\"><div class=\"col-md-12\"><div class=\"edit\"><p>Membrii presei sunt invita\u021bi cordial s\u0103 participe la Congresul SRATI 2024.<\/p><p><u><b>\u00cenregistrare pres\u0103<\/b><\/u><\/p><p>Participarea la Congres este gratuit\u0103 pentru jurnali\u0219ti, dar necesit\u0103 dovada statutului profesional de jurnalist \u0219i a \u00eenregistr\u0103rii la eveniment.<\/p><p>Pentru a v\u0103 \u00eenregistra ca jurnalist la Congresul SRATI 2024, v\u0103 rug\u0103m s\u0103 transmite\u021bi un e-mail la adresa\u00a0<a title=\"\" href=\"mailto:media@ralcom.ro\" target=\"_blank\" rel=\"noopener\">media@ralcom.ro<\/a>, ata\u0219\u00e2nd solicit\u0103rii de creditare o copie a cardului de pres\u0103 valid \u0219i o scrisoare din partea redac\u021biei \u00een care se va confirma\u00a0func\u021bia dumneavoastr\u0103 \u00een agen\u021bia unde lucra\u021bi, precum \u0219i obiectul de activitate al agen\u021biei \/ institu\u021biei unde activa\u021bi.<\/p><p>Membrii presei care au fost acredita\u021bi pentru Congresul SRATI 2024, dar care nu pot participa la eveniment, vor primi \u00een continuare comunicate de pres\u0103.<\/p><p><b><u>Interviuri<\/u><\/b><\/p><p>Solicit\u0103rile de programare pentru interviuri vor fi onorate \u0163in\u00e2nd cont de programul personalit\u0103\u0163ilor invitate la eveniment.<br \/>V\u0103 rug\u0103m s\u0103 anun\u0163a\u0163i din timp solicitarea dumneavoastr\u0103 la interviuri, prin transmiterea unui e-mail la adresa\u00a0<a title=\"\" href=\"mailto:media@ralcom.ro\" target=\"_blank\" rel=\"noopener\">media@ralcom.ro.<\/a><\/p><p><b><u>Banner<\/u><\/b><\/p><p>Pentru a fi ad\u0103ugat la semn\u0103tura dumneavoastr\u0103 de e-mail, \u00een site-ul web sau pe pagina Facebook.<br \/>Dimensiune 728 x 90 pixeli.<\/p><p><img fetchpriority=\"high\" decoding=\"async\" class=\"alignnone wp-image-9688 size-full\" src=\"https:\/\/sraticongres.ro\/2024\/wp-content\/uploads\/2023\/12\/2-4.png\" alt=\"\" width=\"728\" height=\"90\" srcset=\"https:\/\/sraticongres.ro\/2024\/wp-content\/uploads\/2023\/12\/2-4.png 728w, https:\/\/sraticongres.ro\/2024\/wp-content\/uploads\/2023\/12\/2-4-300x37.png 300w\" sizes=\"(max-width: 728px) 100vw, 728px\" \/> <img decoding=\"async\" class=\"alignnone wp-image-9687 size-full\" src=\"https:\/\/sraticongres.ro\/2024\/wp-content\/uploads\/2023\/12\/1-6.png\" alt=\"\" width=\"728\" height=\"90\" srcset=\"https:\/\/sraticongres.ro\/2024\/wp-content\/uploads\/2023\/12\/1-6.png 728w, https:\/\/sraticongres.ro\/2024\/wp-content\/uploads\/2023\/12\/1-6-300x37.png 300w\" sizes=\"(max-width: 728px) 100vw, 728px\" \/><\/p><p><u><b>Pictogram\u0103<\/b><\/u><\/p><\/div><\/div><\/div><div class=\"row\"><div class=\"col-md-12\"><div class=\"edit\"><div class=\"edit\"><u><b><br \/><\/b><\/u>Dimensiune 300 x 300 pixeli.<\/div><p><img decoding=\"async\" class=\"alignnone size-full wp-image-9689\" src=\"https:\/\/sraticongres.ro\/2024\/wp-content\/uploads\/2023\/12\/1-7.png\" alt=\"\" width=\"300\" height=\"300\" srcset=\"https:\/\/sraticongres.ro\/2024\/wp-content\/uploads\/2023\/12\/1-7.png 300w, https:\/\/sraticongres.ro\/2024\/wp-content\/uploads\/2023\/12\/1-7-150x150.png 150w\" sizes=\"(max-width: 300px) 100vw, 300px\" \/> <img loading=\"lazy\" decoding=\"async\" class=\"alignnone size-medium wp-image-9690\" src=\"https:\/\/sraticongres.ro\/2024\/wp-content\/uploads\/2023\/12\/2-5.png\" alt=\"\" width=\"300\" height=\"300\" srcset=\"https:\/\/sraticongres.ro\/2024\/wp-content\/uploads\/2023\/12\/2-5.png 300w, https:\/\/sraticongres.ro\/2024\/wp-content\/uploads\/2023\/12\/2-5-150x150.png 150w\" sizes=\"(max-width: 300px) 100vw, 300px\" \/><\/p><\/div><\/div><\/div><div class=\"row\"><div class=\"col-md-12\"><div class=\"edit\"><div class=\"edit\"><u><b>R\u0103m\u00e2ne\u021bi \u00een contact cu noi<\/b><\/u><\/div><div class=\"edit\"><u><b><br \/><\/b><\/u>Pentru a \u021bine pasul cu activit\u0103\u021bile \u0219i oportunit\u0103\u021bile Congresului SRATI 2024, v\u0103 invit\u0103m pe Facebook \u0219i Instagram.<br \/>Pentru \u00eentreb\u0103ri sau sugestii v\u0103 rug\u0103m s\u0103 ne contacta\u021bi la adresa\u00a0<a title=\"\" href=\"mailto:media@ralcom.ro\" target=\"_blank\" rel=\"noopener\">media@ralcom.ro<\/a><\/div><\/div><\/div><\/div>\t\t\t\t\t\t\t\t<\/div>\n\t\t\t\t<\/div>\n\t\t\t\t\t<\/div>\n\t\t\t\t<\/div>\n\t\t\t\t<\/div>\n\t\t","protected":false},"excerpt":{"rendered":"<p>Uni\u021bi suntem puternici, suntem SRATI! Info Media speakers speakers SRATI 2024 Membrii presei sunt invita\u021bi cordial s\u0103 participe la Congresul SRATI 2024. \u00cenregistrare pres\u0103 Participarea la Congres este gratuit\u0103 pentru jurnali\u0219ti, dar necesit\u0103 dovada statutului profesional de jurnalist \u0219i a \u00eenregistr\u0103rii la eveniment. Pentru a v\u0103 \u00eenregistra ca jurnalist la Congresul SRATI 2024, v\u0103 rug\u0103m [&hellip;]<\/p>\n","protected":false},"author":1,"featured_media":0,"parent":0,"menu_order":0,"comment_status":"closed","ping_status":"closed","template":"elementor_header_footer","meta":{"_acf_changed":false,"footnotes":""},"class_list":["post-9454","page","type-page","status-publish","hentry"],"acf":[],"_links":{"self":[{"href":"https:\/\/sraticongres.ro\/2024\/index.php\/wp-json\/wp\/v2\/pages\/9454","targetHints":{"allow":["GET"]}}],"collection":[{"href":"https:\/\/sraticongres.ro\/2024\/index.php\/wp-json\/wp\/v2\/pages"}],"about":[{"href":"https:\/\/sraticongres.ro\/2024\/index.php\/wp-json\/wp\/v2\/types\/page"}],"author":[{"embeddable":true,"href":"https:\/\/sraticongres.ro\/2024\/index.php\/wp-json\/wp\/v2\/users\/1"}],"replies":[{"embeddable":true,"href":"https:\/\/sraticongres.ro\/2024\/index.php\/wp-json\/wp\/v2\/comments?post=9454"}],"version-history":[{"count":22,"href":"https:\/\/sraticongres.ro\/2024\/index.php\/wp-json\/wp\/v2\/pages\/9454\/revisions"}],"predecessor-version":[{"id":10135,"href":"https:\/\/sraticongres.ro\/2024\/index.php\/wp-json\/wp\/v2\/pages\/9454\/revisions\/10135"}],"wp:attachment":[{"href":"https:\/\/sraticongres.ro\/2024\/index.php\/wp-json\/wp\/v2\/media?parent=9454"}],"curies":[{"name":"wp","href":"https:\/\/api.w.org\/{rel}","templated":true}]}}